{"id":270,"date":"2020-01-04T20:41:03","date_gmt":"2020-01-04T19:41:03","guid":{"rendered":"https:\/\/www.iccira.org\/wp\/?page_id=270"},"modified":"2025-03-04T16:10:12","modified_gmt":"2025-03-04T15:10:12","slug":"ambassadors","status":"publish","type":"page","link":"https:\/\/www.iccira.org\/wp\/?page_id=270","title":{"rendered":"Ambassadors"},"content":{"rendered":"\n<p>The 2026 list of ICCIRA Ambassadors for the year 2026 will be presented in November 2025.<\/p>\n\n\n\n<figure class=\"wp-block-table is-style-stripes\"><table class=\"has-fixed-layout\"><tbody><tr><td><strong>Accredited Ambassadors&nbsp;<\/strong><\/td><td><\/td><td><\/td><\/tr><tr><td><strong>Name<\/strong><\/td><td><strong>Surname<\/strong><\/td><td><strong>Country<\/strong><\/td><\/tr><tr><td><\/td><td><\/td><td><\/td><\/tr><tr><td><\/td><td><\/td><td><\/td><\/tr><tr><td><strong>New  <strong>Accredited <\/strong> Ambassadors<\/strong><\/td><td><\/td><td><\/td><\/tr><tr><td><\/td><td><\/td><td><\/td><\/tr><tr><td><\/td><td><\/td><td><\/td><\/tr><tr><td><\/td><td><\/td><td><\/td><\/tr><tr><td><\/td><td><\/td><td><\/td><\/tr><tr><td><\/td><td><\/td><td><\/td><\/tr><tr><td><\/td><td><\/td><td><\/td><\/tr><tr><td><\/td><td><\/td><td><\/td><\/tr><tr><td><\/td><td><\/td><td><\/td><\/tr><tr><td><\/td><td><\/td><td><\/td><\/tr><tr><td><\/td><td><\/td><td><\/td><\/tr><tr><td><\/td><td><\/td><td><\/td><\/tr><tr><td><\/td><td><\/td><td><\/td><\/tr><tr><td><\/td><td><\/td><td><\/td><\/tr><tr><td><\/td><td><\/td><td><\/td><\/tr><tr><td><\/td><td><\/td><td><\/td><\/tr><tr><td><\/td><td><\/td><td><\/td><\/tr><tr><td><\/td><td><\/td><td><\/td><\/tr><tr><td><\/td><td><\/td><td><\/td><\/tr><\/tbody><\/table><\/figure>\n\n\n\n<p><strong>ICCIRA&#8217;s Accredited Ambassadors and Ambassadresses Extraordinary and Plenipotentiary<\/strong> (alphabetical order).<\/p>\n\n\n\n<p><strong>Ambassadeurs et Ambassadrices Extraordinaires et Pl\u00e9nipotentiaires Accr\u00e9dit\u00e9s de l&#8217;ICCIRA<\/strong> (ordre alphab\u00e9tique).<\/p>\n\n\n\n<figure class=\"wp-block-table is-style-stripes\"><table class=\"has-fixed-layout\"><tbody><tr><td>Ambassadors (Pending)&nbsp;<\/td><td><\/td><td><\/td><\/tr><tr><td><strong>Name<\/strong><\/td><td><strong>Surname<\/strong><\/td><td><strong>Country<\/strong><\/td><\/tr><tr><td><\/td><td><\/td><td><\/td><\/tr><tr><td><\/td><td><\/td><td><\/td><\/tr><tr><td><\/td><td><\/td><td><\/td><\/tr><tr><td><\/td><td><\/td><td><\/td><\/tr><tr><td><\/td><td><\/td><td><\/td><\/tr><tr><td><\/td><td><\/td><td><\/td><\/tr><tr><td><\/td><td><\/td><td><\/td><\/tr><tr><td><\/td><td><\/td><td><\/td><\/tr><tr><td><\/td><td><\/td><td><\/td><\/tr><\/tbody><\/table><\/figure>\n\n\n\n<p><\/p>\n\n\n\n<p><\/p>\n\n\n\n<p style=\"font-size:22px\"><strong>STANDARD CRITERIA &amp; OBJECTIVES<\/strong><\/p>\n\n\n\n<p><strong>&nbsp;Volunteer Ambassador for the ICCIRA: <\/strong><\/p>\n\n\n\n<p>\u2022&nbsp;&nbsp;&nbsp;&nbsp;&nbsp;&nbsp;&nbsp;&nbsp;&nbsp;&nbsp; Acknowledges,\nunderstands, promotes and serves the main aim of the ICCIRA which is the need\nof the formation of a global Cultural and Creative Industries Legal and\nRegulatory framework <\/p>\n\n\n\n<p>\u2022&nbsp;&nbsp;&nbsp;&nbsp;&nbsp;&nbsp;&nbsp;&nbsp;&nbsp;&nbsp; Attends\ninternational meetings, banquets and parties<\/p>\n\n\n\n<p>\u2022&nbsp;&nbsp;&nbsp;&nbsp;&nbsp;&nbsp;&nbsp;&nbsp;&nbsp;&nbsp; Acts\nas a figurehead for their country of origin or country of residence,\nrepresenting ICCIRA<\/p>\n\n\n\n<p>\u2022&nbsp;&nbsp;&nbsp;&nbsp;&nbsp;&nbsp;&nbsp;&nbsp;&nbsp;&nbsp; Promotes\ninternational relations concentrating on specific areas of interest of ICCIRA\n(i.e. the organisation he\/she is representing, including trade and public\nrelations involvement and cultural relationships)<\/p>\n\n\n\n<p>\u2022&nbsp;&nbsp;&nbsp;&nbsp;&nbsp;&nbsp;&nbsp;&nbsp;&nbsp;&nbsp; Smoothens\nrelations among countries and cultures and creative organisations, especially\nin the highly sensitive areas of Laws, Culture, Creative Industries, Politics\nand Trade <\/p>\n\n\n\n<p>\u2022&nbsp;&nbsp;&nbsp;&nbsp;&nbsp;&nbsp;&nbsp;&nbsp;&nbsp;&nbsp; Process\ninformation about national and local legal matters, economic, cultural and\npolitical development in their area of interest or assignment to the ICCIRA<\/p>\n\n\n\n<p>\u2022&nbsp;&nbsp;&nbsp;&nbsp;&nbsp;&nbsp;&nbsp;&nbsp;&nbsp;&nbsp; Assists\nICCIRA Members and cultural actors, artists, cultural and creative industries\norganisations who are related to ICCIRA, or visiting artists and organisations\nin his country <\/p>\n\n\n\n<p>\u2022&nbsp;&nbsp;&nbsp;&nbsp;&nbsp;&nbsp;&nbsp;&nbsp;&nbsp;&nbsp; Explains\nforeign policies and develops cultural environments according to cases<\/p>\n\n\n\n<p>ICCIRA Ambassadors perform all of their duties with\ngreat sensitivity, ensuring a positive relationship between their country of\nresidence and their home nation and ICCIRA.<\/p>\n\n\n\n<p>The position of a Volunteer ICCIRA Ambassador is a non\npaid job and a honorary placement.<\/p>\n","protected":false},"excerpt":{"rendered":"<p>The 2026 list of ICCIRA Ambassadors for the year 2026 will be presented in November 2025. Accredited Ambassadors&nbsp; Name Surname Country New Accredited Ambassadors ICCIRA&#8217;s Accredited Ambassadors and Ambassadresses Extraordinary and Plenipotentiary (alphabetical order). Ambassadeurs et Ambassadrices Extraordinaires et Pl\u00e9nipotentiaires Accr\u00e9dit\u00e9s de l&#8217;ICCIRA (ordre alphab\u00e9tique). Ambassadors (Pending)&nbsp; Name Surname Country&#46;&#46;&#46;<\/p>\n","protected":false},"author":1,"featured_media":0,"parent":13,"menu_order":4,"comment_status":"closed","ping_status":"closed","template":"","meta":{"give_campaign_id":0,"footnotes":""},"class_list":["post-270","page","type-page","status-publish","hentry"],"yoast_head":"<!-- This site is optimized with the Yoast SEO plugin v27.1.1 - https:\/\/yoast.com\/product\/yoast-seo-wordpress\/ -->\n<title>Ambassadors - ALL ABOUT GLOBAL CULTURAL LEGAL AND REGULATORY MATTERS<\/title>\n<meta name=\"description\" content=\"International Cultural and Creative Industries Regulatory Authority\" \/>\n<meta name=\"robots\" content=\"index, follow, max-snippet:-1, max-image-preview:large, max-video-preview:-1\" \/>\n<link rel=\"canonical\" href=\"https:\/\/www.iccira.org\/wp\/?page_id=270\" \/>\n<meta property=\"og:locale\" content=\"en_GB\" \/>\n<meta property=\"og:type\" content=\"article\" \/>\n<meta property=\"og:title\" content=\"Ambassadors - ALL ABOUT GLOBAL CULTURAL LEGAL AND REGULATORY MATTERS\" \/>\n<meta property=\"og:description\" content=\"International Cultural and Creative Industries Regulatory Authority\" \/>\n<meta property=\"og:url\" content=\"https:\/\/www.iccira.org\/wp\/?page_id=270\" \/>\n<meta property=\"og:site_name\" content=\"ALL ABOUT GLOBAL CULTURAL LEGAL AND REGULATORY MATTERS\" \/>\n<meta property=\"article:publisher\" content=\"https:\/\/www.facebook.com\/iccira\" \/>\n<meta property=\"article:modified_time\" content=\"2025-03-04T15:10:12+00:00\" \/>\n<meta name=\"twitter:card\" content=\"summary_large_image\" \/>\n<meta name=\"twitter:site\" content=\"@iccira_official\" \/>\n<meta name=\"twitter:label1\" content=\"Estimated reading time\" \/>\n\t<meta name=\"twitter:data1\" content=\"2 minutes\" \/>\n<script type=\"application\/ld+json\" class=\"yoast-schema-graph\">{\"@context\":\"https:\/\/schema.org\",\"@graph\":[{\"@type\":\"WebPage\",\"@id\":\"https:\/\/www.iccira.org\/wp\/?page_id=270\",\"url\":\"https:\/\/www.iccira.org\/wp\/?page_id=270\",\"name\":\"Ambassadors - ALL ABOUT GLOBAL CULTURAL LEGAL AND REGULATORY MATTERS\",\"isPartOf\":{\"@id\":\"https:\/\/www.iccira.org\/wp\/#website\"},\"datePublished\":\"2020-01-04T19:41:03+00:00\",\"dateModified\":\"2025-03-04T15:10:12+00:00\",\"description\":\"International Cultural and Creative Industries Regulatory Authority\",\"breadcrumb\":{\"@id\":\"https:\/\/www.iccira.org\/wp\/?page_id=270#breadcrumb\"},\"inLanguage\":\"en-GB\",\"potentialAction\":[{\"@type\":\"ReadAction\",\"target\":[\"https:\/\/www.iccira.org\/wp\/?page_id=270\"]}]},{\"@type\":\"BreadcrumbList\",\"@id\":\"https:\/\/www.iccira.org\/wp\/?page_id=270#breadcrumb\",\"itemListElement\":[{\"@type\":\"ListItem\",\"position\":1,\"name\":\"Home\",\"item\":\"https:\/\/www.iccira.org\/wp\"},{\"@type\":\"ListItem\",\"position\":2,\"name\":\"About\",\"item\":\"https:\/\/www.iccira.org\/wp\/?page_id=13\"},{\"@type\":\"ListItem\",\"position\":3,\"name\":\"Ambassadors\"}]},{\"@type\":\"WebSite\",\"@id\":\"https:\/\/www.iccira.org\/wp\/#website\",\"url\":\"https:\/\/www.iccira.org\/wp\/\",\"name\":\"ALL ABOUT GLOBAL CULTURAL LEGAL AND REGULATORY MATTERS\",\"description\":\"\",\"publisher\":{\"@id\":\"https:\/\/www.iccira.org\/wp\/#organization\"},\"potentialAction\":[{\"@type\":\"SearchAction\",\"target\":{\"@type\":\"EntryPoint\",\"urlTemplate\":\"https:\/\/www.iccira.org\/wp\/?s={search_term_string}\"},\"query-input\":{\"@type\":\"PropertyValueSpecification\",\"valueRequired\":true,\"valueName\":\"search_term_string\"}}],\"inLanguage\":\"en-GB\"},{\"@type\":\"Organization\",\"@id\":\"https:\/\/www.iccira.org\/wp\/#organization\",\"name\":\"International Cultural and Creative Industries Regulatory Authority\",\"url\":\"https:\/\/www.iccira.org\/wp\/\",\"logo\":{\"@type\":\"ImageObject\",\"inLanguage\":\"en-GB\",\"@id\":\"https:\/\/www.iccira.org\/wp\/#\/schema\/logo\/image\/\",\"url\":\"https:\/\/www.iccira.org\/wp\/wp-content\/uploads\/2020\/03\/cropped-ICCIRA_LOGO_293X70.jpg\",\"contentUrl\":\"https:\/\/www.iccira.org\/wp\/wp-content\/uploads\/2020\/03\/cropped-ICCIRA_LOGO_293X70.jpg\",\"width\":293,\"height\":70,\"caption\":\"International Cultural and Creative Industries Regulatory Authority\"},\"image\":{\"@id\":\"https:\/\/www.iccira.org\/wp\/#\/schema\/logo\/image\/\"},\"sameAs\":[\"https:\/\/www.facebook.com\/iccira\",\"https:\/\/x.com\/iccira_official\",\"https:\/\/www.instagram.com\/iccira_official\",\"https:\/\/www.linkedin.com\/company\/international-cultural-creative-industries-regulatory-authority\",\"https:\/\/myspace.com\/iccira\",\"https:\/\/www.pinterest.com\/iccira\",\"https:\/\/www.youtube.com\/channel\/UCsr-JQJYCoah9KIqRVa9EEA\"]}]}<\/script>\n<!-- \/ Yoast SEO plugin. -->","yoast_head_json":{"title":"Ambassadors - ALL ABOUT GLOBAL CULTURAL LEGAL AND REGULATORY MATTERS","description":"International Cultural and Creative Industries Regulatory Authority","robots":{"index":"index","follow":"follow","max-snippet":"max-snippet:-1","max-image-preview":"max-image-preview:large","max-video-preview":"max-video-preview:-1"},"canonical":"https:\/\/www.iccira.org\/wp\/?page_id=270","og_locale":"en_GB","og_type":"article","og_title":"Ambassadors - ALL ABOUT GLOBAL CULTURAL LEGAL AND REGULATORY MATTERS","og_description":"International Cultural and Creative Industries Regulatory Authority","og_url":"https:\/\/www.iccira.org\/wp\/?page_id=270","og_site_name":"ALL ABOUT GLOBAL CULTURAL LEGAL AND REGULATORY MATTERS","article_publisher":"https:\/\/www.facebook.com\/iccira","article_modified_time":"2025-03-04T15:10:12+00:00","twitter_card":"summary_large_image","twitter_site":"@iccira_official","twitter_misc":{"Estimated reading time":"2 minutes"},"schema":{"@context":"https:\/\/schema.org","@graph":[{"@type":"WebPage","@id":"https:\/\/www.iccira.org\/wp\/?page_id=270","url":"https:\/\/www.iccira.org\/wp\/?page_id=270","name":"Ambassadors - ALL ABOUT GLOBAL CULTURAL LEGAL AND REGULATORY MATTERS","isPartOf":{"@id":"https:\/\/www.iccira.org\/wp\/#website"},"datePublished":"2020-01-04T19:41:03+00:00","dateModified":"2025-03-04T15:10:12+00:00","description":"International Cultural and Creative Industries Regulatory Authority","breadcrumb":{"@id":"https:\/\/www.iccira.org\/wp\/?page_id=270#breadcrumb"},"inLanguage":"en-GB","potentialAction":[{"@type":"ReadAction","target":["https:\/\/www.iccira.org\/wp\/?page_id=270"]}]},{"@type":"BreadcrumbList","@id":"https:\/\/www.iccira.org\/wp\/?page_id=270#breadcrumb","itemListElement":[{"@type":"ListItem","position":1,"name":"Home","item":"https:\/\/www.iccira.org\/wp"},{"@type":"ListItem","position":2,"name":"About","item":"https:\/\/www.iccira.org\/wp\/?page_id=13"},{"@type":"ListItem","position":3,"name":"Ambassadors"}]},{"@type":"WebSite","@id":"https:\/\/www.iccira.org\/wp\/#website","url":"https:\/\/www.iccira.org\/wp\/","name":"ALL ABOUT GLOBAL CULTURAL LEGAL AND REGULATORY MATTERS","description":"","publisher":{"@id":"https:\/\/www.iccira.org\/wp\/#organization"},"potentialAction":[{"@type":"SearchAction","target":{"@type":"EntryPoint","urlTemplate":"https:\/\/www.iccira.org\/wp\/?s={search_term_string}"},"query-input":{"@type":"PropertyValueSpecification","valueRequired":true,"valueName":"search_term_string"}}],"inLanguage":"en-GB"},{"@type":"Organization","@id":"https:\/\/www.iccira.org\/wp\/#organization","name":"International Cultural and Creative Industries Regulatory Authority","url":"https:\/\/www.iccira.org\/wp\/","logo":{"@type":"ImageObject","inLanguage":"en-GB","@id":"https:\/\/www.iccira.org\/wp\/#\/schema\/logo\/image\/","url":"https:\/\/www.iccira.org\/wp\/wp-content\/uploads\/2020\/03\/cropped-ICCIRA_LOGO_293X70.jpg","contentUrl":"https:\/\/www.iccira.org\/wp\/wp-content\/uploads\/2020\/03\/cropped-ICCIRA_LOGO_293X70.jpg","width":293,"height":70,"caption":"International Cultural and Creative Industries Regulatory Authority"},"image":{"@id":"https:\/\/www.iccira.org\/wp\/#\/schema\/logo\/image\/"},"sameAs":["https:\/\/www.facebook.com\/iccira","https:\/\/x.com\/iccira_official","https:\/\/www.instagram.com\/iccira_official","https:\/\/www.linkedin.com\/company\/international-cultural-creative-industries-regulatory-authority","https:\/\/myspace.com\/iccira","https:\/\/www.pinterest.com\/iccira","https:\/\/www.youtube.com\/channel\/UCsr-JQJYCoah9KIqRVa9EEA"]}]}},"campaignId":"","_links":{"self":[{"href":"https:\/\/www.iccira.org\/wp\/index.php?rest_route=\/wp\/v2\/pages\/270","targetHints":{"allow":["GET"]}}],"collection":[{"href":"https:\/\/www.iccira.org\/wp\/index.php?rest_route=\/wp\/v2\/pages"}],"about":[{"href":"https:\/\/www.iccira.org\/wp\/index.php?rest_route=\/wp\/v2\/types\/page"}],"author":[{"embeddable":true,"href":"https:\/\/www.iccira.org\/wp\/index.php?rest_route=\/wp\/v2\/users\/1"}],"replies":[{"embeddable":true,"href":"https:\/\/www.iccira.org\/wp\/index.php?rest_route=%2Fwp%2Fv2%2Fcomments&post=270"}],"version-history":[{"count":26,"href":"https:\/\/www.iccira.org\/wp\/index.php?rest_route=\/wp\/v2\/pages\/270\/revisions"}],"predecessor-version":[{"id":2989,"href":"https:\/\/www.iccira.org\/wp\/index.php?rest_route=\/wp\/v2\/pages\/270\/revisions\/2989"}],"up":[{"embeddable":true,"href":"https:\/\/www.iccira.org\/wp\/index.php?rest_route=\/wp\/v2\/pages\/13"}],"wp:attachment":[{"href":"https:\/\/www.iccira.org\/wp\/index.php?rest_route=%2Fwp%2Fv2%2Fmedia&parent=270"}],"curies":[{"name":"wp","href":"https:\/\/api.w.org\/{rel}","templated":true}]}}